{"id":1884,"date":"2023-06-01T22:09:53","date_gmt":"2023-06-01T22:09:53","guid":{"rendered":"https:\/\/gotoursmorocco.com\/environnement-et-coutumes-locales\/"},"modified":"2023-06-01T22:09:53","modified_gmt":"2023-06-01T22:09:53","slug":"environnement-et-coutumes-locales","status":"publish","type":"page","link":"https:\/\/gotoursmorocco.com\/fr\/environnement-et-coutumes-locales\/","title":{"rendered":"Environnement et coutumes locales"},"content":{"rendered":"<h2>ENVIRONNEMENT ET COUTUMES LOCALES<\/h2>\n<h4>Respect :<\/h4>\n<p>Le respect de nos diff\u00e9rences contribue \u00e0 la r\u00e9ussite du voyage et facilite l&#8217;interaction avec l&#8217;\u00e9quipe d&#8217;accompagnement et la population locale des r\u00e9gions visit\u00e9es. Il est \u00e9galement important de respecter l&#8217;environnement et les ressources naturelles des zones parcourues.<\/p>\n<h4>Code vestimentaire :<\/h4>\n<p>En voyage, que ce soit dans les villes, les villages ou lors de randonn\u00e9es, il est essentiel de s&#8217;habiller de mani\u00e8re appropri\u00e9e en fonction de la culture du pays. Cela favorise l&#8217;interaction avec les populations locales et permet \u00e9galement de se prot\u00e9ger de la chaleur, du soleil, du vent et des insectes.<\/p>\n<p>Les v\u00eatements trop courts, trop r\u00e9v\u00e9lateurs ou trop serr\u00e9s sont souvent per\u00e7us n\u00e9gativement et peuvent offenser les populations locales et les \u00e9quipes locales qui vous accompagnent. Les v\u00eatements amples sont plus confortables pour la randonn\u00e9e.<\/p>\n<p>Les crit\u00e8res de ce qui est consid\u00e9r\u00e9 comme appropri\u00e9 ou non varient d&#8217;une culture \u00e0 l&#8217;autre ; ils ne sont pas toujours faciles \u00e0 d\u00e9chiffrer. Par exemple, en Afrique subsaharienne, les femmes peuvent avoir les \u00e9paules nues, mais leurs genoux sont toujours couverts. Dans tous les cas, porter des v\u00eatements propres et non d\u00e9chir\u00e9s est un signe de respect envers les populations locales que vous rencontrez.<\/p>\n<p>Dans les villes, les v\u00eatements port\u00e9s par la population urbaine ne sont pas n\u00e9cessairement les m\u00eames que ceux port\u00e9s par les habitants des zones montagneuses et rurales.<\/p>\n<p>\u00c9vitez les gestes affectueux entre couples ou fianc\u00e9s, surtout dans les villages et devant l&#8217;\u00e9quipe d&#8217;accompagnement.<\/p>\n<p>Pendant la p\u00e9riode du Ramadan, respectez la p\u00e9riode de je\u00fbne de la population locale : \u00e9vitez de manger, de boire ou de fumer de mani\u00e8re excessive.<\/p>\n<h4>S\u00e9journer chez l&#8217;habitant :<\/h4>\n<p>Au cours des randonn\u00e9es, nous tissons souvent des liens d&#8217;amiti\u00e9 avec l&#8217;\u00e9quipe d&#8217;accompagnement et les populations locales des r\u00e9gions travers\u00e9es. Parfois, vous pouvez \u00eatre invit\u00e9 \u00e0 prendre le th\u00e9, \u00e0 manger ou \u00e0 passer la nuit. Dans ce cas, il est important de conna\u00eetre les r\u00e8gles \u00e0 suivre pour entrer chez eux :<\/p>\n<ul>\n<li>Enlevez vos chaussures avant d&#8217;entrer dans la pi\u00e8ce.<\/li>\n<li>N&#8217;entrez pas dans les pi\u00e8ces annexes sans y \u00eatre invit\u00e9, comme la cuisine.<\/li>\n<li>Lavez-vous les mains avant les repas, qui sont souvent partag\u00e9s dans le m\u00eame plat.<\/li>\n<li>\u00c9vitez les gestes affectueux entre couples ou fianc\u00e9s.<\/li>\n<li>Demandez la permission avant de prendre des photos et ne les prenez pas en cachette.<\/li>\n<\/ul>\n<h4>Respect au sein du groupe :<\/h4>\n<p>Le respect de nos diff\u00e9rences favorise la tol\u00e9rance et facilite les \u00e9changes. Notre \u00e9quipe locale s&#8217;efforce de vous satisfaire, de vous rendre heureux et de vous faire d\u00e9couvrir non seulement les paysages mais aussi le mode de vie des habitants des r\u00e9gions travers\u00e9es, leurs traditions, leurs coutumes et leur vie quotidienne. Vous vivrez de v\u00e9ritables moments de partage avec les personnes qui vous accompagnent, chaque jour pendant la randonn\u00e9e ou le soir sous la grande tente appel\u00e9e &#8220;tente mess&#8221; ou autour du feu de camp.<\/p>\n<h4>Voici quelques conseils importants \u00e0 suivre pendant le trek :<\/h4>\n<ul>\n<li>Respecter les heures de d\u00e9part et de repas annonc\u00e9es par le guide.<\/li>\n<li>Montez et d\u00e9montez votre tente individuelle \u00e0 temps pour ne pas perturber l&#8217;emballage.<\/li>\n<li>Parlez doucement lorsque tout le monde rentre dans sa tente le soir pour se reposer et dormir.<\/li>\n<\/ul>\n<p>Les amateurs de tranquillit\u00e9 et de solitude pourront profiter de moments d&#8217;isolement pour lire, \u00e9crire, dessiner, contempler, etc. A midi, pendant le pique-nique, ou en fin d&#8217;apr\u00e8s-midi en arrivant au bivouac.<\/p>\n<p>La marche permet \u00e9galement de s&#8217;\u00e9vader seul avec ses pens\u00e9es, ses r\u00eaves, etc. Dans ces moments-l\u00e0, vous vous sentirez loin d&#8217;\u00eatre submerg\u00e9 par le groupe.<\/p>\n<h4>L&#8217;environnement :<\/h4>\n<p>Les montagnes marocaines, comme son d\u00e9sert, sont des espaces pr\u00e9serv\u00e9s qui commencent \u00e0 s&#8217;ouvrir au monde ext\u00e9rieur. Afin de prendre en compte la sensibilit\u00e9 des habitants des hautes vall\u00e9es et des milieux montagnards et d\u00e9sertiques, il est important de respecter un certain nombre de r\u00e8gles :<\/p>\n<ul>\n<li>Respecter les traditions socioculturelles de la population locale.<\/li>\n<li>Respecter l&#8217;environnement et le patrimoine.<\/li>\n<li>Respecter les cultures et l&#8217;eau des sources (seul le bois mort peut \u00eatre utilis\u00e9 pour le feu).<\/li>\n<li>Br\u00fbler les d\u00e9chets biod\u00e9gradables sur place et enterrer les r\u00e9sidus de mani\u00e8re appropri\u00e9e.<\/li>\n<li>Collecter les d\u00e9chets non biod\u00e9gradables dans un sac et les d\u00e9poser aux points de collecte pr\u00e9vus \u00e0 cet effet.<\/li>\n<\/ul>\n<p>Il est d\u00e9conseill\u00e9 de distribuer des bonbons, des stylos et d&#8217;autres objets aux enfants dans les villages. Si vous souhaitez laisser quelque chose, faites-le par l&#8217;interm\u00e9diaire de votre guide ou d&#8217;un adulte du village, par exemple un enseignant.<\/p>\n<h3>Nos engagements :<\/h3>\n<h4>Notre \u00e9quipe s&#8217;engage \u00e0 :<\/h4>\n<ul>\n<li>Un tourisme \u00e9quitable et respectueux de l&#8217;environnement, de l&#8217;environnement naturel et des populations locales dans les r\u00e9gions visit\u00e9es.<\/li>\n<li>Assurer la qualit\u00e9 des sites, des itin\u00e9raires et des lieux de bivouac.<\/li>\n<li>Mise en \u0153uvre de normes strictes pour respecter l&#8217;environnement, les traditions et les coutumes de la population locale.<\/li>\n<li>Mettre en \u0153uvre des mesures de protection de l&#8217;environnement, telles que l&#8217;\u00e9conomie d&#8217;eau (douche, lessive), la lutte contre le gaspillage alimentaire et la gestion appropri\u00e9e des d\u00e9chets.<\/li>\n<\/ul>\n<h4>Cadeaux :<\/h4>\n<p>Il est d&#8217;usage de remettre une enveloppe contenant un cadeau mon\u00e9taire aux personnes qui vous ont accompagn\u00e9 \u00e0 la fin de la randonn\u00e9e. Chacun est libre de r\u00e9agir comme il l&#8217;entend. Parfois, une paire de chaussures, une veste ou une polaire chaude peuvent \u00eatre aussi appr\u00e9ci\u00e9es qu&#8217;un pourboire. Certaines personnes moins fortun\u00e9es sont heureuses de recevoir une petite somme d&#8217;argent. N&#8217;oubliez pas de pr\u00e9parer des enveloppes s\u00e9par\u00e9es pour chaque personne. Le pourboire est d&#8217;usage et vient compl\u00e9ter les revenus modestes du personnel.<\/p>\n<h4>Achats :<\/h4>\n<p>Le Maroc est un pays qui a su pr\u00e9server son artisanat : broderies, meubles en bois, tapis, c\u00e9ramiques, ferronneries, bijoux et \u00e9pices diverses. Il est important de savoir que la n\u00e9gociation fait partie de la tradition. Une fois que vous vous \u00eates mis d&#8217;accord sur un prix, il est important de respecter votre parole.<\/p>\n<p>Il est important d&#8217;obtenir le consentement des habitants avant de les prendre en photo. Il est \u00e9galement important d&#8217;\u00eatre pr\u00eat \u00e0 renoncer \u00e0 une photo si un paiement est exig\u00e9 afin d&#8217;\u00e9viter les situations d&#8217;exploitation. Il n&#8217;est pas recommand\u00e9 de prendre des photos en cachette.<\/p>\n","protected":false},"excerpt":{"rendered":"<p>ENVIRONNEMENT ET COUTUMES LOCALES Respect : Le respect de nos diff\u00e9rences contribue \u00e0 la r\u00e9ussite du voyage et facilite l&#8217;interaction avec l&#8217;\u00e9quipe d&#8217;accompagnement et la population locale des r\u00e9gions visit\u00e9es. [&hellip;]<\/p>\n","protected":false},"author":1,"featured_media":0,"parent":0,"menu_order":0,"comment_status":"closed","ping_status":"closed","template":"","meta":{"_price":"","_stock":"","_tribe_ticket_header":"","_tribe_default_ticket_provider":"","_tribe_ticket_capacity":"0","_ticket_start_date":"","_ticket_end_date":"","_tribe_ticket_show_description":"","_tribe_ticket_show_not_going":false,"_tribe_ticket_use_global_stock":"","_tribe_ticket_global_stock_level":"","_global_stock_mode":"","_global_stock_cap":"","_tribe_rsvp_for_event":"","_tribe_ticket_going_count":"","_tribe_ticket_not_going_count":"","_tribe_tickets_list":[],"_tribe_ticket_has_attendee_info_fields":false,"footnotes":""},"class_list":["post-1884","page","type-page","status-publish","hentry"],"acf":[],"ticketed":false,"_links":{"self":[{"href":"https:\/\/gotoursmorocco.com\/fr\/wp-json\/wp\/v2\/pages\/1884","targetHints":{"allow":["GET"]}}],"collection":[{"href":"https:\/\/gotoursmorocco.com\/fr\/wp-json\/wp\/v2\/pages"}],"about":[{"href":"https:\/\/gotoursmorocco.com\/fr\/wp-json\/wp\/v2\/types\/page"}],"author":[{"embeddable":true,"href":"https:\/\/gotoursmorocco.com\/fr\/wp-json\/wp\/v2\/users\/1"}],"replies":[{"embeddable":true,"href":"https:\/\/gotoursmorocco.com\/fr\/wp-json\/wp\/v2\/comments?post=1884"}],"version-history":[{"count":0,"href":"https:\/\/gotoursmorocco.com\/fr\/wp-json\/wp\/v2\/pages\/1884\/revisions"}],"wp:attachment":[{"href":"https:\/\/gotoursmorocco.com\/fr\/wp-json\/wp\/v2\/media?parent=1884"}],"curies":[{"name":"wp","href":"https:\/\/api.w.org\/{rel}","templated":true}]}}