{"id":1885,"date":"2023-06-02T06:50:03","date_gmt":"2023-06-02T06:50:03","guid":{"rendered":"https:\/\/gotoursmorocco.com\/repas-et-hebergement\/"},"modified":"2023-06-02T06:50:03","modified_gmt":"2023-06-02T06:50:03","slug":"repas-et-hebergement","status":"publish","type":"page","link":"https:\/\/gotoursmorocco.com\/fr\/repas-et-hebergement\/","title":{"rendered":"Repas et h\u00e9bergement"},"content":{"rendered":"<h2>REPAS ET H\u00c9BERGEMENT<\/h2>\n<p>Des repas \u00e9quilibr\u00e9s et vari\u00e9s sont indispensables \u00e0 une exp\u00e9rience de qualit\u00e9 et \u00e0 la r\u00e9ussite de votre s\u00e9jour. D\u00e9couvrir le Maroc, c&#8217;est aussi d\u00e9couvrir sa cuisine, o\u00f9 chaque repas repr\u00e9sente une nouvelle page de la gastronomie marocaine dont nous sommes fiers.<\/p>\n<p>Lors des randonn\u00e9es ou des exp\u00e9ditions, les d\u00e9jeuners et les d\u00eeners seront pr\u00e9sent\u00e9s sous forme de repas chauds, vari\u00e9s et \u00e9quilibr\u00e9s. Ils sont pr\u00e9par\u00e9s sur place par un chef cuisinier \u00e0 partir d&#8217;ingr\u00e9dients frais.<\/p>\n<h4>Repas :<\/h4>\n<p>Petit d\u00e9jeuner : Caf\u00e9, lait, th\u00e9 noir ou th\u00e9 \u00e0 la menthe, miel, beurre, confitures d&#8217;orange, de fraise, de figue ou de p\u00eache, cr\u00eapes, toasts, c\u00e9r\u00e9ales, jus d&#8217;orange&#8230;<\/p>\n<h4>Pendant la randonn\u00e9e :<\/h4>\n<p>Le sac \u00e0 go\u00fbter magique est toujours l\u00e0 : amandes, dattes, figues s\u00e8ches, noisettes, cacahu\u00e8tes, pralines&#8230;<\/p>\n<h4>D\u00e9jeuner et d\u00eener :<\/h4>\n<p>Des plats toujours chauds et vari\u00e9s tels que tajines de l\u00e9gumes, tajines de viande, tajines de poulet, soupe, couscous, viandes r\u00f4ties, riz, frites, brochettes, p\u00e2tes, fruits&#8230;<\/p>\n<h4>Collation de l&#8217;apr\u00e8s-midi :<\/h4>\n<p>Th\u00e9 \u00e0 la menthe ou caf\u00e9 berb\u00e8re, biscuits ou beignets fourr\u00e9s \u00e0 la cr\u00e8me.<\/p>\n<h4>Repas en ville :<\/h4>\n<p>L&#8217;option &#8220;bed and breakfast&#8221; est possible dans les villes o\u00f9 il y a plusieurs bons restaurants \u00e0 proximit\u00e9. Dans ce cas, vous pouvez d\u00e9guster des plats r\u00e9gionaux ou des sp\u00e9cialit\u00e9s qui vous plaisent. Une liste de ces restaurants recommand\u00e9s est incluse dans le roadbook.<\/p>\n<h4>Message aux v\u00e9g\u00e9tariens :<\/h4>\n<p>Pendant le voyage, certains plats pr\u00e9par\u00e9s comme les tajines, le couscous et la harira contiennent souvent de la viande ou de la volaille. Toutefois, nous pouvons prendre d&#8217;autres dispositions pour assurer un bon r\u00e9gime v\u00e9g\u00e9tarien \u00e0 ceux qui pr\u00e9f\u00e8rent maintenir un r\u00e9gime strictement v\u00e9g\u00e9tarien. Si vous \u00eates v\u00e9g\u00e9tarien, veuillez nous en informer lors de votre inscription.<\/p>\n<h4>H\u00e9bergement :<\/h4>\n<p>Le choix de l&#8217;h\u00e9bergement tient compte de la beaut\u00e9 de l&#8217;environnement et du confort du lieu. Nous sommes tr\u00e8s s\u00e9lectifs dans le choix des h\u00e9bergements, privil\u00e9giant le confort, le charme, la qualit\u00e9 du service, la tranquillit\u00e9 et la s\u00e9curit\u00e9.<\/p>\n<p>Chemin Berberes propose un h\u00e9bergement propre et confortable. Nous logeons dans des riads ou des h\u00f4tels de bonne cat\u00e9gorie, de 2 \u00e0 4 \u00e9toiles, s\u00e9lectionn\u00e9s pour leur confort et leur propret\u00e9.<\/p>\n<p>Occasionnellement, l&#8217;h\u00e9bergement peut se faire dans des g\u00eetes d&#8217;\u00e9tape, des auberges, des refuges ou chez l&#8217;habitant lorsque le contexte local l&#8217;exige. Certains de ces h\u00e9bergements peuvent \u00eatre simples et rustiques en termes de confort, mais l&#8217;hospitalit\u00e9 est toujours chaleureuse.<\/p>\n<h4>H\u00e9bergement en bivouac :<\/h4>\n<p>Dans le cas d&#8217;un bivouac, le choix se fait principalement en fonction de la beaut\u00e9 de l&#8217;environnement, du charme, de la s\u00e9curit\u00e9 et de la tranquillit\u00e9. L&#8217;h\u00e9bergement en bivouac se fait dans des tentes igloo spacieuses ou sous le ciel \u00e9toil\u00e9 avec des matelas en mousse fournis, ce qui permet de profiter de nuits en plein air, des moments d\u00e9licieux \u00e0 vivre et \u00e0 d\u00e9couvrir.<\/p>\n<p>Apr\u00e8s une journ\u00e9e d&#8217;activit\u00e9s, il est essentiel de trouver un endroit confortable pour se d\u00e9tendre et r\u00e9cup\u00e9rer, o\u00f9 chacun peut am\u00e9nager &#8220;son espace&#8221;.<\/p>\n<p>En g\u00e9n\u00e9ral, nous arrivons au site de bivouac en milieu d&#8217;apr\u00e8s-midi pour avoir le temps de nous installer, d&#8217;appr\u00e9cier l&#8217;endroit et de nous reposer.<\/p>\n<p>L&#8217;h\u00e9bergement en bivouac n&#8217;est pas synonyme d&#8217;h\u00e9bergement pr\u00e9caire. Le bivouac repr\u00e9sente l&#8217;authenticit\u00e9 du voyage et permet de vivre des moments d\u00e9licieux en plein air. Pour certains de nos itin\u00e9raires, l&#8217;option bivouac est souvent la mieux adapt\u00e9e.<\/p>\n","protected":false},"excerpt":{"rendered":"<p>REPAS ET H\u00c9BERGEMENT Des repas \u00e9quilibr\u00e9s et vari\u00e9s sont indispensables \u00e0 une exp\u00e9rience de qualit\u00e9 et \u00e0 la r\u00e9ussite de votre s\u00e9jour. D\u00e9couvrir le Maroc, c&#8217;est aussi d\u00e9couvrir sa cuisine, [&hellip;]<\/p>\n","protected":false},"author":1,"featured_media":0,"parent":0,"menu_order":0,"comment_status":"closed","ping_status":"closed","template":"","meta":{"_price":"","_stock":"","_tribe_ticket_header":"","_tribe_default_ticket_provider":"","_tribe_ticket_capacity":"0","_ticket_start_date":"","_ticket_end_date":"","_tribe_ticket_show_description":"","_tribe_ticket_show_not_going":false,"_tribe_ticket_use_global_stock":"","_tribe_ticket_global_stock_level":"","_global_stock_mode":"","_global_stock_cap":"","_tribe_rsvp_for_event":"","_tribe_ticket_going_count":"","_tribe_ticket_not_going_count":"","_tribe_tickets_list":[],"_tribe_ticket_has_attendee_info_fields":false,"footnotes":""},"class_list":["post-1885","page","type-page","status-publish","hentry"],"acf":[],"ticketed":false,"_links":{"self":[{"href":"https:\/\/gotoursmorocco.com\/fr\/wp-json\/wp\/v2\/pages\/1885","targetHints":{"allow":["GET"]}}],"collection":[{"href":"https:\/\/gotoursmorocco.com\/fr\/wp-json\/wp\/v2\/pages"}],"about":[{"href":"https:\/\/gotoursmorocco.com\/fr\/wp-json\/wp\/v2\/types\/page"}],"author":[{"embeddable":true,"href":"https:\/\/gotoursmorocco.com\/fr\/wp-json\/wp\/v2\/users\/1"}],"replies":[{"embeddable":true,"href":"https:\/\/gotoursmorocco.com\/fr\/wp-json\/wp\/v2\/comments?post=1885"}],"version-history":[{"count":0,"href":"https:\/\/gotoursmorocco.com\/fr\/wp-json\/wp\/v2\/pages\/1885\/revisions"}],"wp:attachment":[{"href":"https:\/\/gotoursmorocco.com\/fr\/wp-json\/wp\/v2\/media?parent=1885"}],"curies":[{"name":"wp","href":"https:\/\/api.w.org\/{rel}","templated":true}]}}