{"id":1887,"date":"2023-06-02T06:50:06","date_gmt":"2023-06-02T06:50:06","guid":{"rendered":"https:\/\/gotoursmorocco.com\/sante-et-pharmacie\/"},"modified":"2023-06-02T06:50:06","modified_gmt":"2023-06-02T06:50:06","slug":"sante-et-pharmacie","status":"publish","type":"page","link":"https:\/\/gotoursmorocco.com\/fr\/sante-et-pharmacie\/","title":{"rendered":"Sant\u00e9 et pharmacie"},"content":{"rendered":"<h2>SANT\u00c9 ET PHARMACIE<\/h2>\n<h4>Sant\u00e9 du voyageur<\/h4>\n<p>Il est essentiel d&#8217;\u00eatre en bonne sant\u00e9 avant et pendant le voyage pour que celui-ci se d\u00e9roule sans encombre. Voici quelques conseils utiles avant de vous lancer dans l&#8217;aventure.<\/p>\n<p>Parce que personne n&#8217;est \u00e0 l&#8217;abri d&#8217;un accident et parce que la sant\u00e9 n&#8217;a pas de prix mais peut co\u00fbter tr\u00e8s cher&#8230; Bien que cette longue liste concerne des produits que vous aurez peu l&#8217;occasion d&#8217;utiliser, n&#8217;oubliez pas de n&#8217;emporter que la quantit\u00e9 de m\u00e9dicaments n\u00e9cessaire \u00e0 votre usage personnel.<\/p>\n<h3>Vaccinations recommand\u00e9es :<\/h3>\n<h4><em>Vaccinations obligatoires :  <\/em><\/h4>\n<p>Aucune vaccination n&#8217;est exig\u00e9e ou demand\u00e9e pour l&#8217;entr\u00e9e au Maroc. Toutefois, il est conseill\u00e9 d&#8217;\u00eatre immunis\u00e9 contre certaines maladies et de maintenir \u00e0 jour ses vaccinations de routine.<\/p>\n<h4><em>Vaccinations courantes :  <\/em><\/h4>\n<p>T\u00e9tanos, dipht\u00e9rie, coqueluche, poliomy\u00e9lite, rougeole, oreillons, rub\u00e9ole, h\u00e9patite A. Remarque : pour les voyages sportifs o\u00f9 le risque de blessure peut \u00eatre plus \u00e9lev\u00e9 et o\u00f9 il faut plus de temps pour atteindre un \u00e9tablissement m\u00e9dical. N.B : Pour plus d&#8217;informations, consultez : <a href=\"http:\/\/www.pasteur.fr\/\" target=\"_new\" rel=\"noopener\">www.pasteur.fr<\/a><\/p>\n<h4>Pharmacie personnelle et m\u00e9dicaments :<\/h4>\n<p>Il est fortement recommand\u00e9 d&#8217;apporter des m\u00e9dicaments auxquels vous \u00eates habitu\u00e9, car certains m\u00e9dicaments peuvent ne pas \u00eatre disponibles dans les pharmacies locales ou exister sous un nom ou un dosage diff\u00e9rent.<\/p>\n<h4>N&#8217;oubliez pas de faire vos valises :<\/h4>\n<ul>\n<li>Les m\u00e9dicaments prescrits par votre m\u00e9decin sp\u00e9cifiquement pour votre voyage.<\/li>\n<li>Vos m\u00e9dicaments habituels que vous prenez lorsque vous ne voyagez pas.<\/li>\n<li>Nous vous recommandons d&#8217;emporter une trousse de premiers secours.<\/li>\n<li>Les voyageurs qui suivent un traitement r\u00e9gulier doivent disposer d&#8217;une r\u00e9serve de m\u00e9dicaments suffisante pour la dur\u00e9e du voyage. Si vous avez besoin de m\u00e9dicaments injectables, il est prudent d&#8217;emporter des seringues st\u00e9riles et une ordonnance r\u00e9dig\u00e9e dans la langue du pays de destination.<\/li>\n<li>Une trousse de premiers secours est indispensable en voyage. Il doit \u00eatre pratique et contenir des produits adapt\u00e9s \u00e0 votre voyage.<\/li>\n<\/ul>\n<h4>Pharmacie de voyage :<\/h4>\n<p>Pour constituer une pharmacie de voyage utile et compl\u00e8te, il est fortement conseill\u00e9 d&#8217;emporter les m\u00e9dicaments suivants :<\/p>\n<ul>\n<li>Soulagement de la douleur et de la fi\u00e8vre : Comprim\u00e9s de parac\u00e9tamol.<\/li>\n<li>Naus\u00e9es, vomissements et mal des transports : Comprim\u00e9s de domp\u00e9ridone.<\/li>\n<li>Diarrh\u00e9e : Comprim\u00e9s de lop\u00e9ramide ou probiotiques pour restaurer la flore intestinale.<\/li>\n<li>Maux d&#8217;estomac : M\u00e9dicaments antispasmodiques tels que Spasfon.<\/li>\n<li>Piq\u00fbres d&#8217;insectes et allergies : Pommade antihistaminique et sprays r\u00e9pulsifs pr\u00e9ventifs.<\/li>\n<li>Une cr\u00e8me solaire avec un facteur de protection solaire (FPS) adapt\u00e9 \u00e0 votre type de peau.<\/li>\n<li>Troubles du sommeil : Produits contenant de la passiflore ou de la val\u00e9riane.<\/li>\n<li>Toux s\u00e8che : M\u00e9dicaments contenant du dextrom\u00e9thorphane.<\/li>\n<li>Toux productive : M\u00e9dicaments contenant de la carbocist\u00e9ine ou de la N-ac\u00e9tylcyst\u00e9ine.<\/li>\n<li>Maux de gorge : Pastilles antiseptiques et anesth\u00e9siques.<\/li>\n<li>Br\u00fblures d&#8217;estomac : Comprim\u00e9s ou sachets de pansement gastrique.<\/li>\n<li>Conjonctivite : Collyre \u00e0 dose unique.<\/li>\n<li>Plaies et blessures : Spray d\u00e9sinfectant, gants jetables, ciseaux, pince \u00e0 \u00e9piler, couverture de survie, pansements st\u00e9riles, bandes de gaze, ruban adh\u00e9sif et sparadrap, \u00e9ventuellement bandes adh\u00e9sives de fermeture des plaies.<\/li>\n<li>Ampoules : Pansements pour ampoules et bandages de compression Compeed.<\/li>\n<li>Entorses et foulures : Pommade anti-inflammatoire et bandages coh\u00e9sifs ; en cas d&#8217;ecchymoses, ajouter de la pommade \u00e0 l&#8217;arnica.<\/li>\n<li>Purification de l&#8217;eau : Comprim\u00e9s de purification de l&#8217;eau contenant de l&#8217;hydrochlorazone ou du Micropur.<\/li>\n<li>Les porteurs de lentilles de contact ou de lunettes de correction devraient envisager d&#8217;apporter une paire suppl\u00e9mentaire afin d&#8217;\u00e9viter les cassures ou les pertes.<\/li>\n<\/ul>\n<p>La trousse de premiers secours d\u00e9crite ci-dessus peut \u00eatre adapt\u00e9e \u00e0 la destination, \u00e0 la dur\u00e9e et au type de voyage. Le nombre de produits ne doit pas \u00eatre bas\u00e9 sur la peur du voyageur mais sur les risques r\u00e9els et l&#8217;absence ou l&#8217;\u00e9loignement des structures m\u00e9dicales.<\/p>\n<h4>Gestion des pharmacies de voyage :<\/h4>\n<p>Berbere Voyage propose une pharmacie collective utile, compl\u00e8te et adapt\u00e9e aux conditions de l&#8217;itin\u00e9raire et aux r\u00e9gions o\u00f9 se d\u00e9roule le voyage. La pharmacie est g\u00e9r\u00e9e par le guide&#8230;<\/p>\n<p>L&#8217;existence d&#8217;une pharmacie collective bien approvisionn\u00e9e et bien g\u00e9r\u00e9e garantit que les m\u00e9dicaments et les fournitures essentiels sont facilement disponibles pendant le voyage. Le guide qui supervise la pharmacie veillera \u00e0 ce que les m\u00e9dicaments n\u00e9cessaires soient correctement stock\u00e9s, comptabilis\u00e9s et accessibles aux voyageurs.<\/p>\n<p>La pharmacie collective peut comprendre une gamme de m\u00e9dicaments et de fournitures pour r\u00e9pondre aux probl\u00e8mes de sant\u00e9 courants en voyage, tels que le soulagement de la douleur, les probl\u00e8mes gastro-intestinaux, les allergies, les piq\u00fbres d&#8217;insectes et les blessures mineures. Il est important de disposer de m\u00e9dicaments qui peuvent att\u00e9nuer les sympt\u00f4mes et soulager les voyageurs, leur permettant ainsi de poursuivre leur voyage confortablement.<\/p>\n<p>En outre, le guide conna\u00eet les \u00e9tablissements de sant\u00e9 locaux et peut fournir des informations et une assistance en cas de probl\u00e8mes m\u00e9dicaux plus graves ou d&#8217;urgences. Ils peuvent \u00eatre en mesure de recommander des pharmacies ou des cliniques locales o\u00f9 des m\u00e9dicaments sp\u00e9cifiques peuvent \u00eatre obtenus si n\u00e9cessaire.<\/p>\n<p>Il est important que les voyageurs suivent les instructions et les recommandations du guide concernant l&#8217;utilisation correcte des m\u00e9dicaments, la posologie et les \u00e9ventuelles pr\u00e9cautions ou contre-indications. Si des m\u00e9dicaments sont n\u00e9cessaires pendant le voyage, ils doivent \u00eatre pris selon la posologie et l&#8217;horaire prescrits.<\/p>\n<p>En r\u00e9sum\u00e9, il est essentiel de veiller \u00e0 la sant\u00e9 et au bien-\u00eatre des voyageurs pendant leur voyage. Apporter les m\u00e9dicaments personnels n\u00e9cessaires, suivre les vaccinations recommand\u00e9es et avoir acc\u00e8s \u00e0 une pharmacie collective bien g\u00e9r\u00e9e peut aider \u00e0 r\u00e9soudre les probl\u00e8mes de sant\u00e9 courants et \u00e0 garantir une exp\u00e9rience de voyage s\u00fbre et agr\u00e9able. N&#8217;oubliez pas de consulter des professionnels de la sant\u00e9 ou des cliniques de voyage pour obtenir des conseils et des recommandations personnalis\u00e9s en fonction de votre \u00e9tat de sant\u00e9 et de votre itin\u00e9raire de voyage.<\/p>\n","protected":false},"excerpt":{"rendered":"<p>SANT\u00c9 ET PHARMACIE Sant\u00e9 du voyageur Il est essentiel d&#8217;\u00eatre en bonne sant\u00e9 avant et pendant le voyage pour que celui-ci se d\u00e9roule sans encombre. Voici quelques conseils utiles avant [&hellip;]<\/p>\n","protected":false},"author":1,"featured_media":0,"parent":0,"menu_order":0,"comment_status":"closed","ping_status":"closed","template":"","meta":{"_price":"","_stock":"","_tribe_ticket_header":"","_tribe_default_ticket_provider":"","_tribe_ticket_capacity":"0","_ticket_start_date":"","_ticket_end_date":"","_tribe_ticket_show_description":"","_tribe_ticket_show_not_going":false,"_tribe_ticket_use_global_stock":"","_tribe_ticket_global_stock_level":"","_global_stock_mode":"","_global_stock_cap":"","_tribe_rsvp_for_event":"","_tribe_ticket_going_count":"","_tribe_ticket_not_going_count":"","_tribe_tickets_list":[],"_tribe_ticket_has_attendee_info_fields":false,"footnotes":""},"class_list":["post-1887","page","type-page","status-publish","hentry"],"acf":[],"ticketed":false,"_links":{"self":[{"href":"https:\/\/gotoursmorocco.com\/fr\/wp-json\/wp\/v2\/pages\/1887","targetHints":{"allow":["GET"]}}],"collection":[{"href":"https:\/\/gotoursmorocco.com\/fr\/wp-json\/wp\/v2\/pages"}],"about":[{"href":"https:\/\/gotoursmorocco.com\/fr\/wp-json\/wp\/v2\/types\/page"}],"author":[{"embeddable":true,"href":"https:\/\/gotoursmorocco.com\/fr\/wp-json\/wp\/v2\/users\/1"}],"replies":[{"embeddable":true,"href":"https:\/\/gotoursmorocco.com\/fr\/wp-json\/wp\/v2\/comments?post=1887"}],"version-history":[{"count":0,"href":"https:\/\/gotoursmorocco.com\/fr\/wp-json\/wp\/v2\/pages\/1887\/revisions"}],"wp:attachment":[{"href":"https:\/\/gotoursmorocco.com\/fr\/wp-json\/wp\/v2\/media?parent=1887"}],"curies":[{"name":"wp","href":"https:\/\/api.w.org\/{rel}","templated":true}]}}