{"id":1888,"date":"2023-06-02T06:50:13","date_gmt":"2023-06-02T06:50:13","guid":{"rendered":"https:\/\/gotoursmorocco.com\/equipement-du-voyageur\/"},"modified":"2023-06-02T06:50:13","modified_gmt":"2023-06-02T06:50:13","slug":"equipement-du-voyageur","status":"publish","type":"page","link":"https:\/\/gotoursmorocco.com\/fr\/equipement-du-voyageur\/","title":{"rendered":"\u00c9quipement du voyageur"},"content":{"rendered":"<h4>\u00c9quipement du randonneur<\/h4>\n<p>Il est essentiel de disposer d&#8217;un \u00e9quipement personnel ad\u00e9quat pour r\u00e9ussir son voyage. Il est souvent difficile de ne rien oublier, c&#8217;est pourquoi nous mentionnons ci-dessous une liste d&#8217;\u00e9quipements qui vous aideront \u00e0 pr\u00e9parer votre sac \u00e0 dos de voyage et vous seront utiles pendant votre s\u00e9jour.<\/p>\n<p>Nous pensons imm\u00e9diatement au soleil et au sable, mais nous oublions souvent le vent et le froid glacials que l&#8217;on peut rencontrer, m\u00eame sous ces latitudes.<\/p>\n<p>En randonn\u00e9e, vous perdez beaucoup de chaleur corporelle, il est donc important de vous prot\u00e9ger. Voici une liste d&#8217;\u00e9quipements, de v\u00eatements et de petits objets qui faciliteront la pr\u00e9paration de votre voyage.<\/p>\n<h4>V\u00eatements de randonn\u00e9e :<\/h4>\n<h4>Pour la t\u00eate :<\/h4>\n<ul>\n<li>Un ch\u00e8che pour se prot\u00e9ger de la chaleur et des temp\u00eates de sable.<\/li>\n<li>Un bonnet pour les soir\u00e9es et les nuits fra\u00eeches.<\/li>\n<li>Un chapeau, un foulard ou une casquette pour les journ\u00e9es chaudes.<\/li>\n<li>Lunettes de soleil.<\/li>\n<\/ul>\n<h4>Pour le torse et les jambes :<\/h4>\n<ul>\n<li>T-shirts.<\/li>\n<li>Chemises \u00e0 manches longues.<\/li>\n<li>Deuxi\u00e8me couche : polaire ou chemise.<\/li>\n<li>Veste : La pluie est tr\u00e8s rare dans le d\u00e9sert, mais le vent est souvent pr\u00e9sent.<\/li>\n<li>Une veste &#8220;type Gore-Tex&#8221; qui prot\u00e8ge du vent et de la pluie.<\/li>\n<li>Les collants sont tr\u00e8s utiles pour les soir\u00e9es et peuvent \u00eatre utilis\u00e9s pour dormir dans le sac de couchage.<\/li>\n<li>Pantalon de randonn\u00e9e. Il existe aujourd&#8217;hui des mat\u00e9riaux l\u00e9gers ; choisissez une coupe ample pour permettre la circulation de l&#8217;air.<\/li>\n<li>Shorts longs ou pantalons capri. Les pantalons Capri, tant pour les hommes que pour les femmes, sont g\u00e9n\u00e9ralement accept\u00e9s et n&#8217;offensent pas la population locale. En revanche, les shorts sont tout \u00e0 fait inappropri\u00e9s.<\/li>\n<\/ul>\n<h4>Pour les pieds :<\/h4>\n<ul>\n<li>Chaussettes (chaussettes de randonn\u00e9e anti-ampoules).<\/li>\n<li>Chaussures de randonn\u00e9e (bien adapt\u00e9es \u00e0 vos pieds).<\/li>\n<li>Des baskets pour marcher sur le sable.<\/li>\n<li>Sandales ou tongs.<\/li>\n<li>Pr\u00e9voir des chaussures adapt\u00e9es \u00e0 la marche dans l&#8217;eau.<\/li>\n<\/ul>\n<h4>Pour les mains :<\/h4>\n<ul>\n<li>Gants l\u00e9gers : polaire, stretch ou soie.<\/li>\n<\/ul>\n<h4>Sac \u00e0 dos :<\/h4>\n<p>Un sac \u00e0 dos de randonn\u00e9e l\u00e9ger, de 30 \u00e0 35 litres. Pendant les heures de randonn\u00e9e, un petit sac \u00e0 dos de cette taille est suffisant. &#8220;Appareil photo, cr\u00e8me solaire, bouteille d&#8217;eau, pull l\u00e9ger et parfois une partie du pique-nique seront les seuls objets n\u00e9cessaires pour la journ\u00e9e.<\/p>\n<h4>Sac de voyage :<\/h4>\n<p>Un sac de voyage souple sans roulettes, de 50 \u00e0 90 litres. Un sac souple est id\u00e9al pour \u00e9viter de blesser les animaux de b\u00e2t. Toutefois, si le transport des bagages entre les \u00e9tapes se fait par v\u00e9hicule, il n&#8217;y a pas d&#8217;inconv\u00e9nient \u00e0 utiliser un sac \u00e0 roulettes, plus pratique pour les d\u00e9placements dans les gares et les a\u00e9roports.<\/p>\n<h4>Dormir :<\/h4>\n<ul>\n<li>Sac de couchage, avec une temp\u00e9rature de confort allant de -5 \u00e0 +5 \u00b0C.<\/li>\n<li>Doublure de sac de couchage ou drap de soie, petit oreiller. &#8220;La doublure permet de garder le sac de couchage propre et fournit une chaleur suppl\u00e9mentaire.<\/li>\n<\/ul>\n<h4>\u00c9quipements divers :<\/h4>\n<ul>\n<li>Bouteille d&#8217;eau ou vessie d&#8217;hydratation.<\/li>\n<li>Sacs en plastique pour la protection, comme les sacs de cong\u00e9lation.<\/li>\n<li>Couverture d&#8217;urgence renforc\u00e9e.<\/li>\n<li>Trousse de toilette.<\/li>\n<li>Serviette de bain.<\/li>\n<li>Petit kit de couture.<\/li>\n<li>Couteau (couteau suisse, Opinel, etc.).<\/li>\n<li>Lacet de rechange.<\/li>\n<li>Papier hygi\u00e9nique.<\/li>\n<li>Briquet.<\/li>\n<li>Serviettes humides, comme les lingettes pour b\u00e9b\u00e9s.<\/li>\n<li>Sachez qu&#8217;un gant de toilette et un petit bol d&#8217;eau suffisent pour l&#8217;hygi\u00e8ne personnelle, ce qui est plus respectueux de l&#8217;environnement.<\/li>\n<li>Carnet de voyage.<\/li>\n<li>Des lentilles de contact de rechange ou des lunettes de vue.<\/li>\n<li>Lampe frontale avec piles et ampoules de rechange.<\/li>\n<li>Ciseaux.<\/li>\n<li>Coupe-ongles.<\/li>\n<li>Jumelles pour les amateurs d&#8217;ornithologie.<\/li>\n<\/ul>\n<h4>Chaussures de randonn\u00e9e :<\/h4>\n<p>Ayez de bonnes chaussures de randonn\u00e9e d\u00e9j\u00e0 adapt\u00e9es \u00e0 vos pieds, comme des chaussures de moyenne montagne avec une semelle suffisamment rigide et bien sem\u00e9e qui soutient la cheville. Vous pouvez les trouver dans les magasins de sport. Surtout, vous devez vous y sentir \u00e0 l&#8217;aise. Si elles sont neuves, il est toujours recommand\u00e9 de les roder en marchant le plus souvent possible avant le d\u00e9part pour \u00e9viter les inconforts et les ampoules.<\/p>\n<h4>B\u00e2tons de marche :<\/h4>\n<p>Les b\u00e2tons de marche t\u00e9lescopiques peuvent \u00eatre un compl\u00e9ment pr\u00e9cieux pour les randonn\u00e9es en montagne. Ils vous aideront dans les mont\u00e9es et, plus important encore, assureront votre stabilit\u00e9 dans les descentes ou les passages d\u00e9licats.<\/p>\n<p>N&#8217;oubliez pas que cette liste d&#8217;\u00e9quipements est destin\u00e9e \u00e0 vous aider \u00e0 pr\u00e9parer votre voyage et \u00e0 assurer votre confort et votre s\u00e9curit\u00e9. Adaptez-le \u00e0 vos besoins sp\u00e9cifiques et \u00e0 la nature de votre voyage. Il est toujours bon de v\u00e9rifier les conditions m\u00e9t\u00e9orologiques et le terrain de votre destination afin d&#8217;adapter votre \u00e9quipement en cons\u00e9quence.<\/p>\n<p>En outre, n&#8217;oubliez pas d&#8217;emporter d&#8217;autres articles essentiels tels que des m\u00e9dicaments personnels, une trousse de premiers soins, un insectifuge, de la cr\u00e8me solaire, des documents de voyage, de l&#8217;argent et tout autre article sp\u00e9cifique \u00e0 votre voyage, comme du mat\u00e9riel de camping ou des outils de navigation.<\/p>\n<p>Une pr\u00e9paration ad\u00e9quate de votre \u00e9quipement de voyageur contribuera \u00e0 rendre votre voyage plus agr\u00e9able et plus serein. Bon voyage !<\/p>\n","protected":false},"excerpt":{"rendered":"<p>\u00c9quipement du randonneur Il est essentiel de disposer d&#8217;un \u00e9quipement personnel ad\u00e9quat pour r\u00e9ussir son voyage. Il est souvent difficile de ne rien oublier, c&#8217;est pourquoi nous mentionnons ci-dessous une [&hellip;]<\/p>\n","protected":false},"author":1,"featured_media":0,"parent":0,"menu_order":0,"comment_status":"closed","ping_status":"closed","template":"","meta":{"_price":"","_stock":"","_tribe_ticket_header":"","_tribe_default_ticket_provider":"","_tribe_ticket_capacity":"0","_ticket_start_date":"","_ticket_end_date":"","_tribe_ticket_show_description":"","_tribe_ticket_show_not_going":false,"_tribe_ticket_use_global_stock":"","_tribe_ticket_global_stock_level":"","_global_stock_mode":"","_global_stock_cap":"","_tribe_rsvp_for_event":"","_tribe_ticket_going_count":"","_tribe_ticket_not_going_count":"","_tribe_tickets_list":[],"_tribe_ticket_has_attendee_info_fields":false,"footnotes":""},"class_list":["post-1888","page","type-page","status-publish","hentry"],"acf":[],"ticketed":false,"_links":{"self":[{"href":"https:\/\/gotoursmorocco.com\/fr\/wp-json\/wp\/v2\/pages\/1888","targetHints":{"allow":["GET"]}}],"collection":[{"href":"https:\/\/gotoursmorocco.com\/fr\/wp-json\/wp\/v2\/pages"}],"about":[{"href":"https:\/\/gotoursmorocco.com\/fr\/wp-json\/wp\/v2\/types\/page"}],"author":[{"embeddable":true,"href":"https:\/\/gotoursmorocco.com\/fr\/wp-json\/wp\/v2\/users\/1"}],"replies":[{"embeddable":true,"href":"https:\/\/gotoursmorocco.com\/fr\/wp-json\/wp\/v2\/comments?post=1888"}],"version-history":[{"count":0,"href":"https:\/\/gotoursmorocco.com\/fr\/wp-json\/wp\/v2\/pages\/1888\/revisions"}],"wp:attachment":[{"href":"https:\/\/gotoursmorocco.com\/fr\/wp-json\/wp\/v2\/media?parent=1888"}],"curies":[{"name":"wp","href":"https:\/\/api.w.org\/{rel}","templated":true}]}}