{"id":1896,"date":"2023-06-02T06:52:19","date_gmt":"2023-06-02T06:52:19","guid":{"rendered":"https:\/\/gotoursmorocco.com\/equipe\/"},"modified":"2023-06-02T07:34:50","modified_gmt":"2023-06-02T07:34:50","slug":"equipe","status":"publish","type":"page","link":"https:\/\/gotoursmorocco.com\/fr\/equipe\/","title":{"rendered":"\u00c9quipe"},"content":{"rendered":"\t\t<div data-elementor-type=\"wp-page\" data-elementor-id=\"1896\" class=\"elementor elementor-1896 elementor-41\">\n\t\t\t\t\t\t\t\t\t<section class=\"elementor-section elementor-top-section elementor-element elementor-element-6467490 elementor-section-full_width elementor-section-height-default elementor-section-height-default\" data-id=\"6467490\" data-element_type=\"section\">\n\t\t\t\t\t\t<div class=\"elementor-container elementor-column-gap-default\">\n\t\t\t\t\t<div class=\"elementor-column elementor-col-100 elementor-top-column elementor-element elementor-element-a9ba875\" data-id=\"a9ba875\" data-element_type=\"column\">\n\t\t\t<div class=\"elementor-widget-wrap elementor-element-populated\">\n\t\t\t\t\t\t\t\t<div class=\"elementor-element elementor-element-6eebe38 elementor-widget elementor-widget-gva_post_breadcrumb\" data-id=\"6eebe38\" data-element_type=\"widget\" data-widget_type=\"gva_post_breadcrumb.default\">\n\t\t\t\t<div class=\"elementor-widget-container\">\n\t\t\t<div class=\"gva-element-gva_post_breadcrumb gva-element\">   \r\n<div class=\"post-breadcrumb\">\r\n   <div class=\"custom-breadcrumb \" >\r\n               <div class=\"breadcrumb-overlay\" style=\"background-color: rgba(0,0,0, 0.04)\"><\/div>\r\n            <div class=\"breadcrumb-main\">\r\n        <div class=\"container\">\r\n          <div class=\"breadcrumb-container-inner align-center\">\r\n            <h2 class=\"heading-title\">\u00c9quipe<\/h2><ol class=\"breadcrumb\"><li><a href=\"https:\/\/gotoursmorocco.com\/fr\/\">Home<\/a> <\/li> <li class=\"active\">Page<\/li><\/ol>          <\/div>  \r\n        <\/div>   \r\n      <\/div>  \r\n   <\/div>\r\n<\/div>      \r\n\r\n<\/div>\t\t<\/div>\n\t\t\t\t<\/div>\n\t\t\t\t\t<\/div>\n\t\t<\/div>\n\t\t\t\t\t\t\t<\/div>\n\t\t<\/section>\n\t\t\t\t<section class=\"elementor-section elementor-top-section elementor-element elementor-element-0595487 elementor-section-boxed elementor-section-height-default elementor-section-height-default\" data-id=\"0595487\" data-element_type=\"section\" data-settings=\"{&quot;background_background&quot;:&quot;classic&quot;}\">\n\t\t\t\t\t\t<div class=\"elementor-container elementor-column-gap-default\">\n\t\t\t\t\t<div class=\"elementor-column elementor-col-50 elementor-top-column elementor-element elementor-element-4a68c55\" data-id=\"4a68c55\" data-element_type=\"column\">\n\t\t\t<div class=\"elementor-widget-wrap elementor-element-populated\">\n\t\t\t\t\t\t\t\t<div class=\"elementor-element elementor-element-4f31c2e elementor-widget elementor-widget-gva-heading-block\" data-id=\"4f31c2e\" data-element_type=\"widget\" data-settings=\"{&quot;_animation&quot;:&quot;none&quot;}\" data-widget_type=\"gva-heading-block.default\">\n\t\t\t\t<div class=\"elementor-widget-container\">\n\t\t\t<div class=\"gva-element-gva-heading-block gva-element\">   <div class=\"align-left style-1 widget gsc-heading box-align-left auto-responsive\">\r\n      <div class=\"content-inner\">\r\n         \r\n                  \r\n         <div class=\"sub-title\"><span class=\"tagline\">Bienvenue \u00e0 Gowilds<\/span><\/div>  \r\n         \r\n                     <h2 class=\"title\">\r\n               <span>Une assurance fiable et rapide pour votre famille<\/span>\r\n            <\/h2>\r\n                  \r\n         \r\n         \r\n      <\/div>\r\n   <\/div>\r\n<\/div>\t\t<\/div>\n\t\t\t\t<\/div>\n\t\t\t\t<div class=\"elementor-element elementor-element-44c4888 elementor-widget elementor-widget-text-editor\" data-id=\"44c4888\" data-element_type=\"widget\" data-widget_type=\"text-editor.default\">\n\t\t\t\t<div class=\"elementor-widget-container\">\n\t\t\t<style>\/*! elementor - v3.13.3 - 28-05-2023 *\/\n.elementor-widget-text-editor.elementor-drop-cap-view-stacked .elementor-drop-cap{background-color:#69727d;color:#fff}.elementor-widget-text-editor.elementor-drop-cap-view-framed .elementor-drop-cap{color:#69727d;border:3px solid;background-color:transparent}.elementor-widget-text-editor:not(.elementor-drop-cap-view-default) .elementor-drop-cap{margin-top:8px}.elementor-widget-text-editor:not(.elementor-drop-cap-view-default) .elementor-drop-cap-letter{width:1em;height:1em}.elementor-widget-text-editor .elementor-drop-cap{float:left;text-align:center;line-height:1;font-size:50px}.elementor-widget-text-editor .elementor-drop-cap-letter{display:inline-block}<\/style>\t\t\t\t<div>S&#8217;ENGAGE \u00c0 FOURNIR \u00c0 SES CLIENTS UN SERVICE EXCEPTIONNEL.<\/div>\n\t\t\t\t\t\t<\/div>\n\t\t\t\t<\/div>\n\t\t\t\t<div class=\"elementor-element elementor-element-affb3d0 elementor-widget elementor-widget-progress\" data-id=\"affb3d0\" data-element_type=\"widget\" data-widget_type=\"progress.default\">\n\t\t\t\t<div class=\"elementor-widget-container\">\n\t\t\t<style>\/*! elementor - v3.13.3 - 28-05-2023 *\/\n.elementor-widget-progress{text-align:left}.elementor-progress-wrapper{position:relative;background-color:#eee;color:#fff;height:100%;border-radius:2px}.elementor-progress-bar{display:flex;background-color:#69727d;width:0;font-size:11px;height:30px;line-height:30px;border-radius:2px;transition:width 1s ease-in-out}.elementor-progress-text{flex-grow:1;white-space:nowrap;text-overflow:ellipsis;overflow:hidden;padding-left:15px}.elementor-progress-percentage{padding-right:15px}.elementor-widget-progress .elementor-progress-wrapper.progress-info .elementor-progress-bar{background-color:#5bc0de}.elementor-widget-progress .elementor-progress-wrapper.progress-success .elementor-progress-bar{background-color:#5cb85c}.elementor-widget-progress .elementor-progress-wrapper.progress-warning .elementor-progress-bar{background-color:#f0ad4e}.elementor-widget-progress .elementor-progress-wrapper.progress-danger .elementor-progress-bar{background-color:#d9534f}.elementor-progress .elementor-title{display:block}@media (max-width:767px){.elementor-progress-text{padding-left:10px}}.e-con-inner .elementor-progress-wrapper,.e-con .elementor-progress-wrapper{height:auto}<\/style>\t\t\t<span class=\"elementor-title\">Assurance<\/span>\n\t\t\n\t\t<div class=\"elementor-progress-wrapper\" role=\"progressbar\" aria-valuemin=\"0\" aria-valuemax=\"100\" aria-valuenow=\"82\" aria-valuetext=\"82% (Concepteur de sites web)\">\n\t\t\t<div class=\"elementor-progress-bar\" data-max=\"82\">\n\t\t\t\t<span class=\"elementor-progress-text\">Concepteur de sites web<\/span>\n\t\t\t\t\t\t\t\t\t<span class=\"elementor-progress-percentage\">82%<\/span>\n\t\t\t\t\t\t\t<\/div>\n\t\t<\/div>\n\t\t\t\t<\/div>\n\t\t\t\t<\/div>\n\t\t\t\t<div class=\"elementor-element elementor-element-744c5d8 elementor-widget elementor-widget-testimonial\" data-id=\"744c5d8\" data-element_type=\"widget\" data-widget_type=\"testimonial.default\">\n\t\t\t\t<div class=\"elementor-widget-container\">\n\t\t\t<style>\/*! elementor - v3.13.3 - 28-05-2023 *\/\n.elementor-testimonial-wrapper{overflow:hidden;text-align:center}.elementor-testimonial-wrapper .elementor-testimonial-content{font-size:1.3em;margin-bottom:20px}.elementor-testimonial-wrapper .elementor-testimonial-name{line-height:1.5;display:block}.elementor-testimonial-wrapper .elementor-testimonial-job{font-size:.85em;display:block}.elementor-testimonial-wrapper .elementor-testimonial-meta{width:100%;line-height:1}.elementor-testimonial-wrapper .elementor-testimonial-meta-inner{display:inline-block}.elementor-testimonial-wrapper .elementor-testimonial-meta .elementor-testimonial-details,.elementor-testimonial-wrapper .elementor-testimonial-meta .elementor-testimonial-image{display:table-cell;vertical-align:middle}.elementor-testimonial-wrapper .elementor-testimonial-meta .elementor-testimonial-image img{width:60px;height:60px;border-radius:50%;-o-object-fit:cover;object-fit:cover;max-width:none}.elementor-testimonial-wrapper .elementor-testimonial-meta.elementor-testimonial-image-position-aside .elementor-testimonial-image{padding-right:15px}.elementor-testimonial-wrapper .elementor-testimonial-meta.elementor-testimonial-image-position-aside .elementor-testimonial-details{text-align:left}.elementor-testimonial-wrapper .elementor-testimonial-meta.elementor-testimonial-image-position-top .elementor-testimonial-details,.elementor-testimonial-wrapper .elementor-testimonial-meta.elementor-testimonial-image-position-top .elementor-testimonial-image{display:block}.elementor-testimonial-wrapper .elementor-testimonial-meta.elementor-testimonial-image-position-top .elementor-testimonial-image{margin-bottom:20px}<\/style>\t\t<div class=\"elementor-testimonial-wrapper\">\n\t\t\t\t\t\t\t<div class=\"elementor-testimonial-content\"><p>Lorem ipsum dolor sit amet, consectetur adipiscing elit. Ut elit tellus, luctus nec ullamcorper mattis, pulvinar dapibus leo.<\/p>\n<\/div>\n\t\t\t\n\t\t\t\t\t\t<div class=\"elementor-testimonial-meta elementor-has-image elementor-testimonial-image-position-aside\">\n\t\t\t\t<div class=\"elementor-testimonial-meta-inner\">\n\t\t\t\t\t\t\t\t\t\t\t<div class=\"elementor-testimonial-image\">\n\t\t\t\t\t\t\t<img decoding=\"async\" width=\"100\" height=\"100\" src=\"https:\/\/gotoursmorocco.com\/wp-content\/uploads\/2023\/01\/avatar.jpg\" class=\"attachment-full size-full wp-image-247\" alt=\"\" \/>\t\t\t\t\t\t<\/div>\n\t\t\t\t\t\n\t\t\t\t\t\t\t\t\t\t<div class=\"elementor-testimonial-details\">\n\t\t\t\t\t\t\t\t\t\t\t\t\t\t<div class=\"elementor-testimonial-name\">Jean Dupont<\/div>\n\t\t\t\t\t\t\t\t\t\t\t\t\t\t\t\t\t\t\t\t\t\t<div class=\"elementor-testimonial-job\">Designer<\/div>\n\t\t\t\t\t\t\t\t\t\t\t\t\t<\/div>\n\t\t\t\t\t\t\t\t\t<\/div>\n\t\t\t<\/div>\n\t\t\t\t\t<\/div>\n\t\t\t\t<\/div>\n\t\t\t\t<\/div>\n\t\t\t\t\t<\/div>\n\t\t<\/div>\n\t\t\t\t<div class=\"elementor-column elementor-col-50 elementor-top-column elementor-element elementor-element-907cda4\" data-id=\"907cda4\" data-element_type=\"column\">\n\t\t\t<div class=\"elementor-widget-wrap elementor-element-populated\">\n\t\t\t\t\t\t\t\t<div class=\"elementor-element elementor-element-6b07178 elementor-widget elementor-widget-gva-image-content\" data-id=\"6b07178\" data-element_type=\"widget\" data-widget_type=\"gva-image-content.default\">\n\t\t\t\t<div class=\"elementor-widget-container\">\n\t\t\t<div class=\"gva-element-gva-image-content gva-element\">\t\t\r\n\t  \r\n\t \r\n\r\n\t \r\n\r\n\t\t\t<div class=\"about-three__single\">\r\n\t\t  \t<div class=\"about-three__image\"><div class=\"content-inner\">\t\t  <a href=\"https:\/\/gaviaspreview.com\/wp\/gowilds\/about\/\">\r\n\t\t\t <img decoding=\"async\" src=\"https:\/\/gaviaspreview.com\/wp\/gowilds\/wp-content\/uploads\/2023\/02\/image-20.jpg\" alt=\"\" \/>\t\t  <\/a>\r\n\t\t  <\/div><\/div><div class=\"about-three__image-second\"><div class=\"content-inner\">\t\t  <a href=\"https:\/\/gaviaspreview.com\/wp\/gowilds\/about\/\">\r\n\t\t\t <img decoding=\"async\" src=\"https:\/\/gaviaspreview.com\/wp\/gowilds\/wp-content\/uploads\/2023\/01\/tour-2.jpg\" alt=\"\" \/>\t\t  <\/a>\r\n\t\t  <\/div><\/div>\t\t<\/div>\r\n\t\r\n\t \r\n  \r\n \r\n\r\n\r\n <\/div>\t\t<\/div>\n\t\t\t\t<\/div>\n\t\t\t\t\t<\/div>\n\t\t<\/div>\n\t\t\t\t\t\t\t<\/div>\n\t\t<\/section>\n\t\t\t\t<section class=\"elementor-section elementor-top-section elementor-element elementor-element-3e27d00 elementor-section-boxed elementor-section-height-default elementor-section-height-default\" data-id=\"3e27d00\" data-element_type=\"section\">\n\t\t\t\t\t\t<div class=\"elementor-container elementor-column-gap-default\">\n\t\t\t\t\t<div class=\"elementor-column elementor-col-100 elementor-top-column elementor-element elementor-element-9854f15\" data-id=\"9854f15\" data-element_type=\"column\">\n\t\t\t<div class=\"elementor-widget-wrap elementor-element-populated\">\n\t\t\t\t\t\t\t\t<div class=\"elementor-element elementor-element-c09c20c elementor-widget elementor-widget-gva-heading-block\" data-id=\"c09c20c\" data-element_type=\"widget\" data-widget_type=\"gva-heading-block.default\">\n\t\t\t\t<div class=\"elementor-widget-container\">\n\t\t\t<div class=\"gva-element-gva-heading-block gva-element\">   <div class=\"align-center style-1 widget gsc-heading box-align-center auto-responsive\">\r\n      <div class=\"content-inner\">\r\n         \r\n                  \r\n         <div class=\"sub-title\"><span class=\"tagline\">Membres de l&#039;\u00e9quipe<\/span><\/div>  \r\n         \r\n                     <h2 class=\"title\">\r\n               <span>Rencontrez nos meilleurs agents d'assurance professionnels<\/span>\r\n            <\/h2>\r\n                  \r\n         \r\n         \r\n      <\/div>\r\n   <\/div>\r\n<\/div>\t\t<\/div>\n\t\t\t\t<\/div>\n\t\t\t\t<div class=\"elementor-element elementor-element-a6fd35f elementor-widget elementor-widget-gva-team\" data-id=\"a6fd35f\" data-element_type=\"widget\" data-widget_type=\"gva-team.default\">\n\t\t\t\t<div class=\"elementor-widget-container\">\n\t\t\t<div class=\"gva-element-gva-team gva-element\">\r\n<div class=\"gsc-team layout-grid\">\r\n   <div class=\"lg-block-grid-3 md-block-grid-3 sm-block-grid-2 xs-block-grid-1 xx-block-grid-1\">\r\n               <div class=\"item-columns\">\r\n            \r\n\t<div class=\"team-one__single elementor-repeater-item-a5bc32b\">\r\n\t\t<div class=\"team-one__image\"><img decoding=\"async\" src=\"https:\/\/gaviaspreview.com\/wp\/gowilds\/wp-content\/plugins\/gowilds-themer\/elementor\/assets\/images\/team-1.jpg\" alt=\"Jessica Brown\" \/><div class=\"team-one__social\"><div class=\"team-one__social-control\"><i class=\"fas fa-share-alt\"><\/i><\/div><div class=\"team-one__social-link\">\t\t  <a href=\"#\">\r\n\t\t\t <i class=\"fa fa-facebook\"><\/i>\t\t  <\/a>\r\n\t\t  \t\t  <a href=\"#\">\r\n\t\t\t <i class=\"fa fa-twitter\"><\/i>\t\t  <\/a>\r\n\t\t  \t\t  <a href=\"#\">\r\n\t\t\t <i class=\"fa fa-instagram\"><\/i>\t\t  <\/a>\r\n\t\t  \t\t  <a href=\"#\">\r\n\t\t\t <i class=\"fa fa-pinterest\"><\/i>\t\t  <\/a>\r\n\t\t  <\/div><\/div><\/div>\t\r\n\t\t<div class=\"team-one__content\">\r\n\t\t\t<div class=\"team-one__content-inner\">\r\n\t\t\t\t<h3 class=\"team-one__name\">Jessica Brown<\/h3><div class=\"team-one__job\">Consultant<\/div>\t\t\t<\/div>   \r\n\t\t<\/div>\r\n\t<\/div>\t\t\r\n\r\n         <\/div>\r\n               <div class=\"item-columns\">\r\n            \r\n\t<div class=\"team-one__single elementor-repeater-item-b5e9054\">\r\n\t\t<div class=\"team-one__image\"><img decoding=\"async\" src=\"https:\/\/gaviaspreview.com\/wp\/gowilds\/wp-content\/plugins\/gowilds-themer\/elementor\/assets\/images\/team-2.jpg\" alt=\"Yoni Albert\" \/><div class=\"team-one__social\"><div class=\"team-one__social-control\"><i class=\"fas fa-share-alt\"><\/i><\/div><div class=\"team-one__social-link\">\t\t  <a href=\"#\">\r\n\t\t\t <i class=\"fa fa-facebook\"><\/i>\t\t  <\/a>\r\n\t\t  \t\t  <a href=\"#\">\r\n\t\t\t <i class=\"fa fa-twitter\"><\/i>\t\t  <\/a>\r\n\t\t  \t\t  <a href=\"#\">\r\n\t\t\t <i class=\"fa fa-instagram\"><\/i>\t\t  <\/a>\r\n\t\t  \t\t  <a href=\"#\">\r\n\t\t\t <i class=\"fa fa-pinterest\"><\/i>\t\t  <\/a>\r\n\t\t  <\/div><\/div><\/div>\t\r\n\t\t<div class=\"team-one__content\">\r\n\t\t\t<div class=\"team-one__content-inner\">\r\n\t\t\t\t<h3 class=\"team-one__name\">Yoni Albert<\/h3><div class=\"team-one__job\">Consultant<\/div>\t\t\t<\/div>   \r\n\t\t<\/div>\r\n\t<\/div>\t\t\r\n\r\n         <\/div>\r\n               <div class=\"item-columns\">\r\n            \r\n\t<div class=\"team-one__single elementor-repeater-item-10ed880\">\r\n\t\t<div class=\"team-one__image\"><img decoding=\"async\" src=\"https:\/\/gaviaspreview.com\/wp\/gowilds\/wp-content\/plugins\/gowilds-themer\/elementor\/assets\/images\/team-3.jpg\" alt=\"Christine Eve\" \/><div class=\"team-one__social\"><div class=\"team-one__social-control\"><i class=\"fas fa-share-alt\"><\/i><\/div><div class=\"team-one__social-link\">\t\t  <a href=\"#\">\r\n\t\t\t <i class=\"fa fa-facebook\"><\/i>\t\t  <\/a>\r\n\t\t  \t\t  <a href=\"#\">\r\n\t\t\t <i class=\"fa fa-twitter\"><\/i>\t\t  <\/a>\r\n\t\t  \t\t  <a href=\"#\">\r\n\t\t\t <i class=\"fa fa-instagram\"><\/i>\t\t  <\/a>\r\n\t\t  \t\t  <a href=\"#\">\r\n\t\t\t <i class=\"fa fa-pinterest\"><\/i>\t\t  <\/a>\r\n\t\t  <\/div><\/div><\/div>\t\r\n\t\t<div class=\"team-one__content\">\r\n\t\t\t<div class=\"team-one__content-inner\">\r\n\t\t\t\t<h3 class=\"team-one__name\">Christine Eve<\/h3><div class=\"team-one__job\">Consultant<\/div>\t\t\t<\/div>   \r\n\t\t<\/div>\r\n\t<\/div>\t\t\r\n\r\n         <\/div>\r\n               <div class=\"item-columns\">\r\n            \r\n\t<div class=\"team-one__single elementor-repeater-item-acb1fa1\">\r\n\t\t<div class=\"team-one__image\"><img decoding=\"async\" src=\"https:\/\/gaviaspreview.com\/wp\/gowilds\/wp-content\/plugins\/gowilds-themer\/elementor\/assets\/images\/team-4.jpg\" alt=\"David Hardson\" \/><div class=\"team-one__social\"><div class=\"team-one__social-control\"><i class=\"fas fa-share-alt\"><\/i><\/div><div class=\"team-one__social-link\">\t\t  <a href=\"#\">\r\n\t\t\t <i class=\"fa fa-facebook\"><\/i>\t\t  <\/a>\r\n\t\t  \t\t  <a href=\"#\">\r\n\t\t\t <i class=\"fa fa-twitter\"><\/i>\t\t  <\/a>\r\n\t\t  \t\t  <a href=\"#\">\r\n\t\t\t <i class=\"fa fa-instagram\"><\/i>\t\t  <\/a>\r\n\t\t  \t\t  <a href=\"#\">\r\n\t\t\t <i class=\"fa fa-pinterest\"><\/i>\t\t  <\/a>\r\n\t\t  <\/div><\/div><\/div>\t\r\n\t\t<div class=\"team-one__content\">\r\n\t\t\t<div class=\"team-one__content-inner\">\r\n\t\t\t\t<h3 class=\"team-one__name\">David Hardson<\/h3><div class=\"team-one__job\">Consultant<\/div>\t\t\t<\/div>   \r\n\t\t<\/div>\r\n\t<\/div>\t\t\r\n\r\n         <\/div>\r\n               <div class=\"item-columns\">\r\n            \r\n\t<div class=\"team-one__single elementor-repeater-item-e47ac4b\">\r\n\t\t<div class=\"team-one__image\"><img decoding=\"async\" src=\"https:\/\/gaviaspreview.com\/wp\/gowilds\/wp-content\/plugins\/gowilds-themer\/elementor\/assets\/images\/team-5.jpg\" alt=\"Fred Andrew\" \/><div class=\"team-one__social\"><div class=\"team-one__social-control\"><i class=\"fas fa-share-alt\"><\/i><\/div><div class=\"team-one__social-link\">\t\t  <a href=\"#\">\r\n\t\t\t <i class=\"fa fa-facebook\"><\/i>\t\t  <\/a>\r\n\t\t  \t\t  <a href=\"#\">\r\n\t\t\t <i class=\"fa fa-twitter\"><\/i>\t\t  <\/a>\r\n\t\t  \t\t  <a href=\"#\">\r\n\t\t\t <i class=\"fa fa-instagram\"><\/i>\t\t  <\/a>\r\n\t\t  \t\t  <a href=\"#\">\r\n\t\t\t <i class=\"fa fa-pinterest\"><\/i>\t\t  <\/a>\r\n\t\t  <\/div><\/div><\/div>\t\r\n\t\t<div class=\"team-one__content\">\r\n\t\t\t<div class=\"team-one__content-inner\">\r\n\t\t\t\t<h3 class=\"team-one__name\">Fred Andrew<\/h3><div class=\"team-one__job\">Consultant<\/div>\t\t\t<\/div>   \r\n\t\t<\/div>\r\n\t<\/div>\t\t\r\n\r\n         <\/div>\r\n               <div class=\"item-columns\">\r\n            \r\n\t<div class=\"team-one__single elementor-repeater-item-346e30f\">\r\n\t\t<div class=\"team-one__image\"><img decoding=\"async\" src=\"https:\/\/gaviaspreview.com\/wp\/gowilds\/wp-content\/plugins\/gowilds-themer\/elementor\/assets\/images\/team-6.jpg\" alt=\"Sarah Rose\" \/><div class=\"team-one__social\"><div class=\"team-one__social-control\"><i class=\"fas fa-share-alt\"><\/i><\/div><div class=\"team-one__social-link\">\t\t  <a href=\"#\">\r\n\t\t\t <i class=\"fa fa-facebook\"><\/i>\t\t  <\/a>\r\n\t\t  \t\t  <a href=\"#\">\r\n\t\t\t <i class=\"fa fa-twitter\"><\/i>\t\t  <\/a>\r\n\t\t  \t\t  <a href=\"#\">\r\n\t\t\t <i class=\"fa fa-instagram\"><\/i>\t\t  <\/a>\r\n\t\t  \t\t  <a href=\"#\">\r\n\t\t\t <i class=\"fa fa-pinterest\"><\/i>\t\t  <\/a>\r\n\t\t  <\/div><\/div><\/div>\t\r\n\t\t<div class=\"team-one__content\">\r\n\t\t\t<div class=\"team-one__content-inner\">\r\n\t\t\t\t<h3 class=\"team-one__name\">Sarah Rose<\/h3><div class=\"team-one__job\">Consultant<\/div>\t\t\t<\/div>   \r\n\t\t<\/div>\r\n\t<\/div>\t\t\r\n\r\n         <\/div>\r\n         <\/div>   \r\n<\/div>\r\n<\/div>\t\t<\/div>\n\t\t\t\t<\/div>\n\t\t\t\t\t<\/div>\n\t\t<\/div>\n\t\t\t\t\t\t\t<\/div>\n\t\t<\/section>\n\t\t\t\t<section class=\"elementor-section elementor-top-section elementor-element elementor-element-e77b7b1 elementor-section-boxed elementor-section-height-default elementor-section-height-default\" data-id=\"e77b7b1\" data-element_type=\"section\" data-settings=\"{&quot;background_background&quot;:&quot;classic&quot;}\" data-e-bg-lazyload=\"\">\n\t\t\t\t\t\t<div class=\"elementor-container elementor-column-gap-default\">\n\t\t\t\t\t<div class=\"elementor-column elementor-col-50 elementor-top-column elementor-element elementor-element-298a978\" data-id=\"298a978\" data-element_type=\"column\">\n\t\t\t<div class=\"elementor-widget-wrap elementor-element-populated\">\n\t\t\t\t\t\t\t\t<div class=\"elementor-element elementor-element-e7bd225 elementor-position-left elementor-vertical-align-middle icon-box-left elementor-view-default elementor-mobile-position-top elementor-widget elementor-widget-icon-box\" data-id=\"e7bd225\" data-element_type=\"widget\" data-widget_type=\"icon-box.default\">\n\t\t\t\t<div class=\"elementor-widget-container\">\n\t\t\t<link rel=\"stylesheet\" href=\"https:\/\/gotoursmorocco.com\/wp-content\/plugins\/elementor\/assets\/css\/widget-icon-box.min.css\">\t\t<div class=\"elementor-icon-box-wrapper\">\n\t\t\t\t\t\t<div class=\"elementor-icon-box-icon\">\n\t\t\t\t<span class=\"elementor-icon elementor-animation-\" >\n\t\t\t\t<i aria-hidden=\"true\" class=\" gwflaticon-travel\"><\/i>\t\t\t\t<\/span>\n\t\t\t<\/div>\n\t\t\t\t\t\t<div class=\"elementor-icon-box-content\">\n\t\t\t\t<h3 class=\"elementor-icon-box-title\">\n\t\t\t\t\t<span  >\n\t\t\t\t\t\tQUISEQUE VEL ORTOR\t\t\t\t\t<\/span>\n\t\t\t\t<\/h3>\n\t\t\t\t\t\t\t\t\t<p class=\"elementor-icon-box-description\">\n\t\t\t\t\t\tPr\u00eat \u00e0 partir \u00e0 l'aventure et \u00e0 profiter de la nature\t\t\t\t\t<\/p>\n\t\t\t\t\t\t\t<\/div>\n\t\t<\/div>\n\t\t\t\t<\/div>\n\t\t\t\t<\/div>\n\t\t\t\t\t<\/div>\n\t\t<\/div>\n\t\t\t\t<div class=\"elementor-column elementor-col-50 elementor-top-column elementor-element elementor-element-adc1ccc\" data-id=\"adc1ccc\" data-element_type=\"column\">\n\t\t\t<div class=\"elementor-widget-wrap elementor-element-populated\">\n\t\t\t\t\t\t\t\t<div class=\"elementor-element elementor-element-886d658 elementor-widget__width-auto elementor-widget elementor-widget-html\" data-id=\"886d658\" data-element_type=\"widget\" data-widget_type=\"html.default\">\n\t\t\t\t<div class=\"elementor-widget-container\">\n\t\t\t<a class=\"btn-white\" href=\"https:\/\/gaviaspreview.com\/wp\/gowilds\/tours-page\/\">\n  En savoir plus\n<\/a>\t\t<\/div>\n\t\t\t\t<\/div>\n\t\t\t\t\t<\/div>\n\t\t<\/div>\n\t\t\t\t\t\t\t<\/div>\n\t\t<\/section>\n\t\t\t\t\t\t\t<\/div>\n\t\t","protected":false},"excerpt":{"rendered":"<p>\u00c9quipe Home Page Bienvenue \u00e0 Gowilds Une assurance fiable et rapide pour votre famille S&#8217;ENGAGE \u00c0 FOURNIR \u00c0 SES CLIENTS UN SERVICE EXCEPTIONNEL. Assurance Concepteur de sites web 82% Lorem [&hellip;]<\/p>\n","protected":false},"author":1,"featured_media":0,"parent":0,"menu_order":0,"comment_status":"closed","ping_status":"closed","template":"","meta":{"_price":"","_stock":"","_tribe_ticket_header":"","_tribe_default_ticket_provider":"","_tribe_ticket_capacity":"0","_ticket_start_date":"","_ticket_end_date":"","_tribe_ticket_show_description":"","_tribe_ticket_show_not_going":false,"_tribe_ticket_use_global_stock":"","_tribe_ticket_global_stock_level":"","_global_stock_mode":"","_global_stock_cap":"","_tribe_rsvp_for_event":"","_tribe_ticket_going_count":"","_tribe_ticket_not_going_count":"","_tribe_tickets_list":[],"_tribe_ticket_has_attendee_info_fields":false,"footnotes":""},"class_list":["post-1896","page","type-page","status-publish","hentry"],"acf":[],"ticketed":false,"_links":{"self":[{"href":"https:\/\/gotoursmorocco.com\/fr\/wp-json\/wp\/v2\/pages\/1896","targetHints":{"allow":["GET"]}}],"collection":[{"href":"https:\/\/gotoursmorocco.com\/fr\/wp-json\/wp\/v2\/pages"}],"about":[{"href":"https:\/\/gotoursmorocco.com\/fr\/wp-json\/wp\/v2\/types\/page"}],"author":[{"embeddable":true,"href":"https:\/\/gotoursmorocco.com\/fr\/wp-json\/wp\/v2\/users\/1"}],"replies":[{"embeddable":true,"href":"https:\/\/gotoursmorocco.com\/fr\/wp-json\/wp\/v2\/comments?post=1896"}],"version-history":[{"count":5,"href":"https:\/\/gotoursmorocco.com\/fr\/wp-json\/wp\/v2\/pages\/1896\/revisions"}],"predecessor-version":[{"id":1927,"href":"https:\/\/gotoursmorocco.com\/fr\/wp-json\/wp\/v2\/pages\/1896\/revisions\/1927"}],"wp:attachment":[{"href":"https:\/\/gotoursmorocco.com\/fr\/wp-json\/wp\/v2\/media?parent=1896"}],"curies":[{"name":"wp","href":"https:\/\/api.w.org\/{rel}","templated":true}]}}